{"id":34,"date":"2024-05-15T22:45:15","date_gmt":"2024-05-15T20:45:15","guid":{"rendered":"https:\/\/myogastudio.orbidi.es\/?page_id=34"},"modified":"2026-01-21T09:22:43","modified_gmt":"2026-01-21T08:22:43","slug":"contacteme","status":"publish","type":"page","link":"https:\/\/www.myogacoaching.com\/en\/contacteme\/","title":{"rendered":"Contact me"},"content":{"rendered":"\t\t<div data-elementor-type=\"wp-page\" data-elementor-id=\"34\" class=\"elementor elementor-34\" data-elementor-post-type=\"page\">\n\t\t\t\t<div class=\"elementor-element elementor-element-15c6c66 e-con-full e-flex e-con e-parent\" data-id=\"15c6c66\" data-element_type=\"container\" data-e-type=\"container\" data-settings=\"{&quot;background_background&quot;:&quot;classic&quot;}\">\n\t\t<div class=\"elementor-element elementor-element-b96f8b0 e-con-full e-flex e-con e-child\" data-id=\"b96f8b0\" data-element_type=\"container\" data-e-type=\"container\" data-settings=\"{&quot;background_background&quot;:&quot;classic&quot;}\">\n\t\t\t\t<\/div>\n\t\t<div class=\"elementor-element elementor-element-1336b57 e-con-full e-flex e-con e-child\" data-id=\"1336b57\" data-element_type=\"container\" data-e-type=\"container\">\n\t\t<div class=\"elementor-element elementor-element-2e6c730 e-con-full e-flex e-con e-child\" data-id=\"2e6c730\" data-element_type=\"container\" data-e-type=\"container\">\n\t\t\t\t<div class=\"elementor-element elementor-element-4a6054e elementor-invisible elementor-widget elementor-widget-heading\" data-id=\"4a6054e\" data-element_type=\"widget\" data-e-type=\"widget\" data-settings=\"{&quot;_animation&quot;:&quot;fadeIn&quot;,&quot;_animation_delay&quot;:&quot;200&quot;,&quot;_animation_mobile&quot;:&quot;fadeIn&quot;}\" data-widget_type=\"heading.default\">\n\t\t\t\t\t<h1 class=\"elementor-heading-title elementor-size-default\">Cont\u00e1cteme<\/h1>\t\t\t\t<\/div>\n\t\t\t\t<\/div>\n\t\t\t\t<\/div>\n\t\t\t\t<\/div>\n\t\t<div class=\"elementor-element elementor-element-6411f79 e-con-full e-flex e-con e-parent\" data-id=\"6411f79\" data-element_type=\"container\" data-e-type=\"container\">\n\t\t<div class=\"elementor-element elementor-element-2e579e4 e-con-full e-flex e-con e-child\" data-id=\"2e579e4\" data-element_type=\"container\" data-e-type=\"container\">\n\t\t<div class=\"elementor-element elementor-element-78f6749 e-con-full e-flex e-con e-child\" data-id=\"78f6749\" data-element_type=\"container\" data-e-type=\"container\" data-settings=\"{&quot;background_background&quot;:&quot;classic&quot;}\">\n\t\t<div class=\"elementor-element elementor-element-0c4a76d e-con-full e-flex e-con e-child\" data-id=\"0c4a76d\" data-element_type=\"container\" data-e-type=\"container\" data-settings=\"{&quot;background_background&quot;:&quot;classic&quot;}\">\n\t\t\t\t<div class=\"elementor-element elementor-element-dcb2b35 elementor-view-default elementor-position-block-start elementor-mobile-position-block-start elementor-invisible elementor-widget elementor-widget-icon-box\" data-id=\"dcb2b35\" data-element_type=\"widget\" data-e-type=\"widget\" data-settings=\"{&quot;_animation&quot;:&quot;fadeIn&quot;}\" data-widget_type=\"icon-box.default\">\n\t\t\t\t\t\t\t<div class=\"elementor-icon-box-wrapper\">\n\n\t\t\t\t\t\t<div class=\"elementor-icon-box-icon\">\n\t\t\t\t<a href=\"https:\/\/wa.me\/34674578596?text=%C2%A1Hola%2C%20Myoga%20Coaching!%20%F0%9F%91%8B%2C%20deseo%20m%C3%A1s%20informaci%C3%B3n%20por%20favor%2C%20%C2%A1muchas%20gracias!%20%F0%9F%98%84\" target=\"_blank\" class=\"elementor-icon\" tabindex=\"-1\" aria-label=\"WhatsApp\">\n\t\t\t\t<svg aria-hidden=\"true\" class=\"e-font-icon-svg e-fab-whatsapp\" viewBox=\"0 0 448 512\" xmlns=\"http:\/\/www.w3.org\/2000\/svg\"><path d=\"M380.9 97.1C339 55.1 283.2 32 223.9 32c-122.4 0-222 99.6-222 222 0 39.1 10.2 77.3 29.6 111L0 480l117.7-30.9c32.4 17.7 68.9 27 106.1 27h.1c122.3 0 224.1-99.6 224.1-222 0-59.3-25.2-115-67.1-157zm-157 341.6c-33.2 0-65.7-8.9-94-25.7l-6.7-4-69.8 18.3L72 359.2l-4.4-7c-18.5-29.4-28.2-63.3-28.2-98.2 0-101.7 82.8-184.5 184.6-184.5 49.3 0 95.6 19.2 130.4 54.1 34.8 34.9 56.2 81.2 56.1 130.5 0 101.8-84.9 184.6-186.6 184.6zm101.2-138.2c-5.5-2.8-32.8-16.2-37.9-18-5.1-1.9-8.8-2.8-12.5 2.8-3.7 5.6-14.3 18-17.6 21.8-3.2 3.7-6.5 4.2-12 1.4-32.6-16.3-54-29.1-75.5-66-5.7-9.8 5.7-9.1 16.3-30.3 1.8-3.7.9-6.9-.5-9.7-1.4-2.8-12.5-30.1-17.1-41.2-4.5-10.8-9.1-9.3-12.5-9.5-3.2-.2-6.9-.2-10.6-.2-3.7 0-9.7 1.4-14.8 6.9-5.1 5.6-19.4 19-19.4 46.3 0 27.3 19.9 53.7 22.6 57.4 2.8 3.7 39.1 59.7 94.8 83.8 35.2 15.2 49 16.5 66.6 13.9 10.7-1.6 32.8-13.4 37.4-26.4 4.6-13 4.6-24.1 3.2-26.4-1.3-2.5-5-3.9-10.5-6.6z\"><\/path><\/svg>\t\t\t\t<\/a>\n\t\t\t<\/div>\n\t\t\t\n\t\t\t\t\t\t<div class=\"elementor-icon-box-content\">\n\n\t\t\t\t\t\t\t\t\t<h3 class=\"elementor-icon-box-title\">\n\t\t\t\t\t\t<a href=\"https:\/\/wa.me\/34674578596?text=%C2%A1Hola%2C%20Myoga%20Coaching!%20%F0%9F%91%8B%2C%20deseo%20m%C3%A1s%20informaci%C3%B3n%20por%20favor%2C%20%C2%A1muchas%20gracias!%20%F0%9F%98%84\" target=\"_blank\" >\n\t\t\t\t\t\t\tWhatsApp\t\t\t\t\t\t<\/a>\n\t\t\t\t\t<\/h3>\n\t\t\t\t\n\t\t\t\t\t\t\t\t\t<p class=\"elementor-icon-box-description\">\n\t\t\t\t\t\t+34 674 578 596\u202c\t\t\t\t\t<\/p>\n\t\t\t\t\n\t\t\t<\/div>\n\t\t\t\n\t\t<\/div>\n\t\t\t\t\t\t<\/div>\n\t\t\t\t<\/div>\n\t\t<div class=\"elementor-element elementor-element-01c443a e-con-full e-flex e-con e-child\" data-id=\"01c443a\" data-element_type=\"container\" data-e-type=\"container\" data-settings=\"{&quot;background_background&quot;:&quot;classic&quot;}\">\n\t\t\t\t<div class=\"elementor-element elementor-element-6b133ea elementor-view-default elementor-position-block-start elementor-mobile-position-block-start elementor-invisible elementor-widget elementor-widget-icon-box\" data-id=\"6b133ea\" data-element_type=\"widget\" data-e-type=\"widget\" data-settings=\"{&quot;_animation&quot;:&quot;fadeIn&quot;}\" data-widget_type=\"icon-box.default\">\n\t\t\t\t\t\t\t<div class=\"elementor-icon-box-wrapper\">\n\n\t\t\t\t\t\t<div class=\"elementor-icon-box-icon\">\n\t\t\t\t<a href=\"mailto:in**@*********io.es\" data-original-string=\"SqOkrorHSQG1rs4d6WXxIQ==94betn6mDZH8+KHCjBvpGtXhtpamjxFkQKa2NYo99rB8TA=\" title=\"This contact has been encoded by Anti-Spam by CleanTalk. Click to decode. To finish the decoding make sure that JavaScript is enabled in your browser.\" class=\"elementor-icon\" tabindex=\"-1\" aria-label=\"Correo electr\u00f3nico\">\n\t\t\t\t<svg xmlns=\"http:\/\/www.w3.org\/2000\/svg\" width=\"58\" height=\"64\" viewBox=\"0 0 58 64\" fill=\"none\"><path d=\"M33.169 20.9051C33.1716 20.3872 32.7528 19.9655 32.2337 19.963C32.2321 19.963 32.2306 19.963 32.229 19.963C31.712 19.963 31.2918 20.3797 31.2892 20.8958L31.2868 21.368C30.6217 20.8575 29.8119 20.5684 28.9106 20.5684C26.6938 20.5684 24.4006 22.4812 24.4006 25.6821C24.4006 28.6015 26.3831 30.9767 28.8198 30.9767C29.8792 30.9767 30.8383 30.5314 31.5829 29.7815C31.7308 30.0802 31.9248 30.3551 32.1609 30.5919C32.685 31.1172 33.3602 31.4066 34.0624 31.4066C36.0944 31.4066 37.381 29.9957 37.9079 28.6753C38.7255 26.6249 38.8725 24.8973 38.3845 23.0739C38.3819 23.0643 38.3791 23.0546 38.3762 23.0449C37.6374 20.6036 35.9846 18.6046 33.7222 17.4162C31.46 16.2279 28.8716 16 26.4335 16.7741C24.1232 17.5076 22.2011 19.089 21.0213 21.2268C19.8412 23.3653 19.5309 25.8307 20.1475 28.1689C20.6816 30.1943 21.8347 31.9416 23.4823 33.2218C25.0686 34.4545 27.0445 35.1638 29.046 35.219C29.0549 35.2193 29.0637 35.2194 29.0725 35.2194C29.5794 35.2194 29.9974 34.8166 30.0116 34.3078C30.0259 33.7903 29.617 33.3592 29.098 33.3449C25.7517 33.2527 22.8188 30.9281 21.9655 27.6922C21.4721 25.8211 21.7218 23.8461 22.6682 22.1309C23.6147 20.4156 25.1543 19.1478 27.0037 18.5608C28.9583 17.9402 31.0331 18.1229 32.8462 19.0751C34.6543 20.0249 35.9767 21.6207 36.5713 23.5698C36.9699 25.0708 36.7295 26.5572 36.1613 27.9824C35.9754 28.4483 35.399 29.5318 34.0625 29.5318C33.7951 29.5318 33.5912 29.3676 33.4936 29.2696C33.2656 29.041 33.1304 28.7045 33.132 28.3695L33.169 20.9051ZM28.8198 29.1018C27.5986 29.1018 26.2805 27.7943 26.2805 25.6821C26.2805 23.6546 27.6176 22.4432 28.9106 22.4432C30.2622 22.4432 31.2166 23.6955 31.2662 25.507L31.2646 25.8497C31.1929 27.66 30.1239 29.1018 28.8198 29.1018Z\" fill=\"white\"><\/path><path d=\"M57.75 59.981V27.9986C57.75 26.9196 57.3089 25.8676 56.5398 25.1094C56.5388 25.1084 56.5379 25.1071 56.5369 25.1061L56.5351 25.1045C56.5334 25.1029 56.5319 25.101 56.5301 25.0994L52.8359 21.4833V19.3689C52.8359 18.8511 52.4152 18.4315 51.896 18.4315C51.3768 18.4315 50.9561 18.8511 50.9561 19.3689V29.338L33.8774 46.3413L31.1913 44.8693C29.9761 44.203 28.5245 44.2028 27.3088 44.8692L24.6227 46.3413L7.54404 29.338V13.1552C7.54404 11.9491 8.52794 10.9678 9.73716 10.9678H48.763C49.9722 10.9678 50.9561 11.9491 50.9561 13.1552V15.3786C50.9561 15.8965 51.3768 16.316 51.896 16.316C52.4152 16.316 52.8359 15.8965 52.8359 15.3786V13.1552C52.8359 10.9152 51.0088 9.09296 48.763 9.09296H40.1783L31.984 1.07156C31.9751 1.06281 31.9659 1.05419 31.9566 1.04594C30.4137 -0.348583 28.0865 -0.348708 26.5434 1.04594C26.5341 1.05419 26.5251 1.06281 26.5162 1.07156L18.3217 9.09296H9.73704C7.49128 9.09296 5.6641 10.9152 5.6641 13.1552V21.4834L1.96988 25.0995C1.96837 25.101 1.96687 25.1026 1.96537 25.1043C1.96461 25.105 1.96386 25.1055 1.96311 25.1063C1.96173 25.1076 1.9606 25.1091 1.95935 25.1104C1.19088 25.8686 0.75 26.9203 0.75 27.9986V38.696C0.75 39.2138 1.17083 39.6334 1.68991 39.6334C2.20899 39.6334 2.62982 39.2138 2.62982 38.696V27.9986C2.62982 27.7366 2.68045 27.4785 2.77143 27.2356L22.9064 47.2819L2.62994 58.3952V42.7815C2.62994 42.2636 2.20912 41.844 1.69003 41.844C1.17095 41.844 0.750125 42.2636 0.750125 42.7815V59.9809C0.750125 59.9859 0.750376 59.9908 0.750501 59.9958C0.759148 62.2051 2.56352 64 4.78083 64H39.4818C40.001 64 40.4217 63.5804 40.4217 63.0626C40.4217 62.5447 40.001 62.1251 39.4818 62.1251H4.78083C3.77425 62.1251 2.92946 61.4311 2.69611 60.4981L28.2142 46.5122C28.8628 46.1567 29.6372 46.1566 30.2858 46.5123L55.8039 60.4983C55.5705 61.4311 54.7256 62.1251 53.7192 62.1251H43.5782C43.059 62.1251 42.6383 62.5447 42.6383 63.0626C42.6383 63.5804 43.059 64 43.5782 64H53.7193C55.9365 64 57.741 62.2051 57.7496 59.9958C57.7498 59.9908 57.75 59.9859 57.75 59.981ZM27.8184 2.42396C28.6377 1.69501 29.8626 1.69489 30.6817 2.42396L37.4947 9.09296H21.0054L27.8184 2.42396ZM5.66422 27.4663L3.96449 25.7741L5.66422 24.1103V27.4663ZM55.7286 27.2355C55.8196 27.4783 55.8702 27.7366 55.8702 27.9986V58.395L35.5935 47.2819L55.7286 27.2355ZM54.5356 25.7741L52.8359 27.4663V24.1103L54.5356 25.7741Z\" fill=\"white\"><\/path><\/svg>\t\t\t\t<\/a>\n\t\t\t<\/div>\n\t\t\t\n\t\t\t\t\t\t<div class=\"elementor-icon-box-content\">\n\n\t\t\t\t\t\t\t\t\t<h3 class=\"elementor-icon-box-title\">\n\t\t\t\t\t\t<a href=\"mailto:in**@*********io.es\" data-original-string=\"\/2yGErcvHu6Xc5+VClpeFg==94buELpHhL9uT0iYRKWrfgaO31MizOKzIt9AFlyUgZn5n8=\" title=\"This contact has been encoded by Anti-Spam by CleanTalk. Click to decode. To finish the decoding make sure that JavaScript is enabled in your browser.\" >\n\t\t\t\t\t\t\tCorreo electr\u00f3nico\t\t\t\t\t\t<\/a>\n\t\t\t\t\t<\/h3>\n\t\t\t\t\n\t\t\t\t\t\t\t\t\t<p class=\"elementor-icon-box-description\">\n\t\t\t\t\t\t<span \n                data-original-string='2DRaCcjM2uo9gKWRPfHMiw==94bKMPmWJHqB3sJnRyiU+tEUc1yCVxR\/BiajrAtsMjQhjE='\n                class='apbct-email-encoder'\n                title='This contact has been encoded by Anti-Spam by CleanTalk. Click to decode. To finish the decoding make sure that JavaScript is enabled in your browser.'>in<span class=\"apbct-blur\">**<\/span>@<span class=\"apbct-blur\">*********<\/span>io.es<\/span>\n\t\t\t\t\t<\/p>\n\t\t\t\t\n\t\t\t<\/div>\n\t\t\t\n\t\t<\/div>\n\t\t\t\t\t\t<\/div>\n\t\t\t\t<\/div>\n\t\t\t\t<\/div>\n\t\t\t\t<\/div>\n\t\t\t\t<\/div>\n\t\t<div class=\"elementor-element elementor-element-de740b3 e-con-full e-flex e-con e-parent\" data-id=\"de740b3\" data-element_type=\"container\" data-e-type=\"container\">\n\t\t<div class=\"elementor-element elementor-element-b510940 e-con-full e-flex e-con e-child\" data-id=\"b510940\" data-element_type=\"container\" data-e-type=\"container\">\n\t\t\t\t<div class=\"elementor-element elementor-element-267c0c9 elementor-invisible elementor-widget elementor-widget-heading\" data-id=\"267c0c9\" data-element_type=\"widget\" data-e-type=\"widget\" data-settings=\"{&quot;_animation&quot;:&quot;fadeIn&quot;,&quot;_animation_delay&quot;:&quot;200&quot;,&quot;_animation_mobile&quot;:&quot;fadeIn&quot;}\" data-widget_type=\"heading.default\">\n\t\t\t\t\t<h2 class=\"elementor-heading-title elementor-size-default\">Estoy aqu\u00ed para ayudarte<\/h2>\t\t\t\t<\/div>\n\t\t\t\t<div class=\"elementor-element elementor-element-19f7ef1 animated-fast elementor-invisible elementor-widget elementor-widget-text-editor\" data-id=\"19f7ef1\" data-element_type=\"widget\" data-e-type=\"widget\" data-settings=\"{&quot;_animation&quot;:&quot;fadeInRight&quot;,&quot;_animation_delay&quot;:&quot;400&quot;,&quot;_animation_mobile&quot;:&quot;fadeIn&quot;}\" data-widget_type=\"text-editor.default\">\n\t\t\t\t\t\t\t\t\t<p>\u00bfTienes alguna pregunta o no sabes por d\u00f3nde empezar?<\/p><p>No hay problema, env\u00edame un correo electr\u00f3nico con cualquier consulta y programaremos una llamada gratuita.<\/p><p>Puedes enviarme un correo electr\u00f3nico a la siguiente direcci\u00f3n <a href=\"mailto:in**@***********ng.com\" data-original-string=\"zG46yd3GMXxU\/roUcvWfVA==94bscgD3GxsJcPBu2i6tyKDSxwqyeg3vIWWibSQ+D+LOaQ=\" title=\"This contact has been encoded by Anti-Spam by CleanTalk. Click to decode. To finish the decoding make sure that JavaScript is enabled in your browser.\"><span \n                data-original-string='KB678zH4ew8Ycu4Z61cTMA==94bMH4Sqe0QRsWLVI97M1IvecpuxmH+yHJkjC51gkOWyb8='\n                class='apbct-email-encoder'\n                title='This contact has been encoded by Anti-Spam by CleanTalk. Click to decode. To finish the decoding make sure that JavaScript is enabled in your browser.'>in<span class=\"apbct-blur\">**<\/span>@<span class=\"apbct-blur\">***********<\/span>ng.com<\/span><\/a>\u00a0o rellenar este formulario<\/p>\t\t\t\t\t\t\t\t<\/div>\n\t\t\t\t<\/div>\n\t\t<div class=\"elementor-element elementor-element-7e3b8a8 e-con-full e-flex e-con e-child\" data-id=\"7e3b8a8\" data-element_type=\"container\" data-e-type=\"container\">\n\t\t\t\t<div class=\"elementor-element elementor-element-7bf6743 elementor-button-align-start elementor-mobile-button-align-stretch elementor-widget elementor-widget-form\" data-id=\"7bf6743\" data-element_type=\"widget\" data-e-type=\"widget\" data-settings=\"{&quot;button_width&quot;:&quot;50&quot;,&quot;step_next_label&quot;:&quot;Next&quot;,&quot;step_previous_label&quot;:&quot;Previous&quot;,&quot;step_type&quot;:&quot;number_text&quot;,&quot;step_icon_shape&quot;:&quot;circle&quot;}\" data-widget_type=\"form.default\">\n\t\t\t\t\t\t\t<form class=\"elementor-form\" method=\"post\" name=\"Formulario Contacto\" aria-label=\"Formulario Contacto\">\n\t\t\t<input type=\"hidden\" name=\"post_id\" value=\"34\"\/>\n\t\t\t<input type=\"hidden\" name=\"form_id\" value=\"7bf6743\"\/>\n\t\t\t<input type=\"hidden\" name=\"referer_title\" value=\"Contacta con Myoga Studio Barcelona\" \/>\n\n\t\t\t\t\t\t\t<input type=\"hidden\" name=\"queried_id\" value=\"34\"\/>\n\t\t\t\n\t\t\t<div class=\"elementor-form-fields-wrapper elementor-labels-above\">\n\t\t\t\t\t\t\t\t<div class=\"elementor-field-type-text elementor-field-group elementor-column elementor-field-group-nombre elementor-col-50 elementor-field-required\">\n\t\t\t\t\t\t\t\t\t\t\t\t<label for=\"form-field-nombre\" class=\"elementor-field-label\">\n\t\t\t\t\t\t\t\tNombre\t\t\t\t\t\t\t<\/label>\n\t\t\t\t\t\t\t\t\t\t\t\t\t\t<input size=\"1\" type=\"text\" name=\"form_fields[nombre]\" id=\"form-field-nombre\" class=\"elementor-field elementor-size-md  elementor-field-textual\" required=\"required\">\n\t\t\t\t\t\t\t\t\t\t\t<\/div>\n\t\t\t\t\t\t\t\t<div class=\"elementor-field-type-tel elementor-field-group elementor-column elementor-field-group-telefono elementor-col-50\">\n\t\t\t\t\t\t\t\t\t\t\t\t<label for=\"form-field-telefono\" class=\"elementor-field-label\">\n\t\t\t\t\t\t\t\tTel\u00e9fono\t\t\t\t\t\t\t<\/label>\n\t\t\t\t\t\t\t\t<input size=\"1\" type=\"tel\" name=\"form_fields[telefono]\" id=\"form-field-telefono\" class=\"elementor-field elementor-size-md  elementor-field-textual\" pattern=\"[0-9()#&amp;+*-=.]+\" title=\"Only numbers and phone characters (#, -, *, etc) are accepted.\">\n\n\t\t\t\t\t\t<\/div>\n\t\t\t\t\t\t\t\t<div class=\"elementor-field-type-email elementor-field-group elementor-column elementor-field-group-email elementor-col-100\">\n\t\t\t\t\t\t\t\t\t\t\t\t<label for=\"form-field-email\" class=\"elementor-field-label\">\n\t\t\t\t\t\t\t\tCorreo electr\u00f3nico\t\t\t\t\t\t\t<\/label>\n\t\t\t\t\t\t\t\t\t\t\t\t\t\t<input size=\"1\" type=\"email\" name=\"form_fields[email]\" id=\"form-field-email\" class=\"elementor-field elementor-size-md  elementor-field-textual\">\n\t\t\t\t\t\t\t\t\t\t\t<\/div>\n\t\t\t\t\t\t\t\t<div class=\"elementor-field-type-textarea elementor-field-group elementor-column elementor-field-group-mensaje elementor-col-100 elementor-field-required\">\n\t\t\t\t\t\t\t\t\t\t\t\t<label for=\"form-field-mensaje\" class=\"elementor-field-label\">\n\t\t\t\t\t\t\t\tMensaje\t\t\t\t\t\t\t<\/label>\n\t\t\t\t\t\t<textarea class=\"elementor-field-textual elementor-field  elementor-size-md\" name=\"form_fields[mensaje]\" id=\"form-field-mensaje\" rows=\"4\" required=\"required\"><\/textarea>\t\t\t\t<\/div>\n\t\t\t\t\t\t\t\t<div class=\"elementor-field-group elementor-column elementor-field-type-submit elementor-col-50 e-form__buttons\">\n\t\t\t\t\t<button class=\"elementor-button elementor-size-sm\" type=\"submit\">\n\t\t\t\t\t\t<span class=\"elementor-button-content-wrapper\">\n\t\t\t\t\t\t\t\t\t\t\t\t\t\t\t<span class=\"elementor-button-icon\">\n\t\t\t\t\t\t\t\t\t<svg xmlns=\"http:\/\/www.w3.org\/2000\/svg\" id=\"a04f6078-1e6a-471a-8674-c91b2fbd27e0\" data-name=\"a5514966-83e3-4d98-b54d-a1723bf86d37\" width=\"19.173\" height=\"12.608\" viewBox=\"0 0 19.173 12.608\"><polygon points=\"13.178 0 11.697 1.345 15.533 5.569 0 5.569 0 7.569 15.37 7.569 11.732 11.19 13.143 12.608 19.173 6.604 13.178 0\"><\/polygon><\/svg>\t\t\t\t\t\t\t\t\t\t\t\t\t\t\t\t\t<\/span>\n\t\t\t\t\t\t\t\t\t\t\t\t\t\t\t\t\t\t\t\t\t\t<span class=\"elementor-button-text\">Enviar<\/span>\n\t\t\t\t\t\t\t\t\t\t\t\t\t<\/span>\n\t\t\t\t\t<\/button>\n\t\t\t\t<\/div>\n\t\t\t<\/div>\n\t\t<input\n                    class=\"apbct_special_field apbct_email_id__elementor_form\"\n                    name=\"apbct__email_id__elementor_form\"\n                    aria-label=\"apbct__label_id__elementor_form\"\n                    type=\"text\" size=\"30\" maxlength=\"200\" autocomplete=\"off\"\n                    value=\"\"\n                \/><\/form>\n\t\t\t\t\t\t<\/div>\n\t\t\t\t<\/div>\n\t\t\t\t<\/div>\n\t\t\t\t<\/div>\n\t\t","protected":false},"excerpt":{"rendered":"<p>Cont\u00e1cteme WhatsApp +34 674 578 596\u202c Correo electr\u00f3nico in**@*********io.es Estoy aqu\u00ed para ayudarte \u00bfTienes alguna pregunta o no sabes por d\u00f3nde empezar? No hay problema, env\u00edame un correo electr\u00f3nico con cualquier consulta y programaremos una llamada gratuita. Puedes enviarme un correo electr\u00f3nico a la siguiente direcci\u00f3n in**@***********ng.com\u00a0o rellenar este formulario<\/p>","protected":false},"author":1,"featured_media":882,"parent":0,"menu_order":0,"comment_status":"closed","ping_status":"closed","template":"","meta":{"footnotes":""},"class_list":["post-34","page","type-page","status-publish","has-post-thumbnail","hentry"],"_links":{"self":[{"href":"https:\/\/www.myogacoaching.com\/en\/wp-json\/wp\/v2\/pages\/34","targetHints":{"allow":["GET"]}}],"collection":[{"href":"https:\/\/www.myogacoaching.com\/en\/wp-json\/wp\/v2\/pages"}],"about":[{"href":"https:\/\/www.myogacoaching.com\/en\/wp-json\/wp\/v2\/types\/page"}],"author":[{"embeddable":true,"href":"https:\/\/www.myogacoaching.com\/en\/wp-json\/wp\/v2\/users\/1"}],"replies":[{"embeddable":true,"href":"https:\/\/www.myogacoaching.com\/en\/wp-json\/wp\/v2\/comments?post=34"}],"version-history":[{"count":6,"href":"https:\/\/www.myogacoaching.com\/en\/wp-json\/wp\/v2\/pages\/34\/revisions"}],"predecessor-version":[{"id":2489,"href":"https:\/\/www.myogacoaching.com\/en\/wp-json\/wp\/v2\/pages\/34\/revisions\/2489"}],"wp:featuredmedia":[{"embeddable":true,"href":"https:\/\/www.myogacoaching.com\/en\/wp-json\/wp\/v2\/media\/882"}],"wp:attachment":[{"href":"https:\/\/www.myogacoaching.com\/en\/wp-json\/wp\/v2\/media?parent=34"}],"curies":[{"name":"wp","href":"https:\/\/api.w.org\/{rel}","templated":true}]}}